{"id":325,"date":"2020-05-04T20:42:37","date_gmt":"2020-05-04T20:42:37","guid":{"rendered":"http:\/\/specht-coaching.de\/?page_id=325"},"modified":"2020-05-04T20:42:37","modified_gmt":"2020-05-04T20:42:37","slug":"mediation","status":"publish","type":"page","link":"https:\/\/specht-coaching.de\/?page_id=325","title":{"rendered":"Mediation"},"content":{"rendered":"\n<p>Der Weg zum Rechtsanwalt oder einem Streitschlichter war in der Vergangenheit oft der normale Weg. Es wurde hart gek\u00e4mpft, denn ein jeder wollte sein Recht bekommen.<\/p>\n\n\n\n<p>Die Mediation behandelt die Anliegen der Medianten. Als Mediator begleitet er die Parteien neutral auf dem Weg zur L\u00f6sung. Eine Win-Win-Situation ist hier das Ziel, sodass die Parteien auch im Nachgang der Mediation noch weiter z.B. eine gesch\u00e4ftliche Beziehung weiterf\u00fchren k\u00f6nnen.<\/p>\n\n\n\n<p><strong>Der Mediator<\/strong><\/p>\n\n\n\n<p>Der Mediator ist allparteilich und hat eine unterst\u00fctzende Funktion. Er gibt keine L\u00f6sungen vor. Er sorgt f\u00fcr die Einhaltung der Mediationsphasen und des zuvor gesetzten Rahmens.<\/p>\n\n\n\n<figure class=\"wp-block-image size-large is-resized\"><img loading=\"lazy\" decoding=\"async\" src=\"https:\/\/specht-coaching.de\/wp-content\/uploads\/2020\/05\/dylan-gillis-KdeqA3aTnBY-unsplash-1-1024x683.jpg\" alt=\"\" class=\"wp-image-326\" width=\"304\" height=\"202\" srcset=\"https:\/\/specht-coaching.de\/wp-content\/uploads\/2020\/05\/dylan-gillis-KdeqA3aTnBY-unsplash-1-1024x683.jpg 1024w, https:\/\/specht-coaching.de\/wp-content\/uploads\/2020\/05\/dylan-gillis-KdeqA3aTnBY-unsplash-1-300x200.jpg 300w, https:\/\/specht-coaching.de\/wp-content\/uploads\/2020\/05\/dylan-gillis-KdeqA3aTnBY-unsplash-1-768x512.jpg 768w, https:\/\/specht-coaching.de\/wp-content\/uploads\/2020\/05\/dylan-gillis-KdeqA3aTnBY-unsplash-1-1536x1024.jpg 1536w, https:\/\/specht-coaching.de\/wp-content\/uploads\/2020\/05\/dylan-gillis-KdeqA3aTnBY-unsplash-1-2048x1365.jpg 2048w, https:\/\/specht-coaching.de\/wp-content\/uploads\/2020\/05\/dylan-gillis-KdeqA3aTnBY-unsplash-1-650x433.jpg 650w, https:\/\/specht-coaching.de\/wp-content\/uploads\/2020\/05\/dylan-gillis-KdeqA3aTnBY-unsplash-1-900x600.jpg 900w, https:\/\/specht-coaching.de\/wp-content\/uploads\/2020\/05\/dylan-gillis-KdeqA3aTnBY-unsplash-1-440x294.jpg 440w\" sizes=\"auto, (max-width: 304px) 100vw, 304px\" \/><\/figure>\n\n\n\n<p><strong>Zielgruppe<\/strong><\/p>\n\n\n\n<p>Privatpersonen, Vereine, Firmen oder andere Institutionen.<\/p>\n","protected":false},"excerpt":{"rendered":"<p>Der Weg zum Rechtsanwalt oder einem Streitschlichter war in der Vergangenheit oft der normale Weg. Es wurde hart gek\u00e4mpft, denn ein jeder wollte sein Recht bekommen. Die Mediation behandelt die Anliegen der Medianten. Als Mediator begleitet er die Parteien neutral auf dem Weg zur L\u00f6sung. Eine Win-Win-Situation ist hier das Ziel, sodass die Parteien auch &hellip; <a href=\"https:\/\/specht-coaching.de\/?page_id=325\" class=\"more-link\"><span class=\"screen-reader-text\">Mediation<\/span> weiterlesen<\/a><\/p>\n","protected":false},"author":4,"featured_media":0,"parent":0,"menu_order":0,"comment_status":"closed","ping_status":"closed","template":"","meta":{"footnotes":""},"class_list":["post-325","page","type-page","status-publish","hentry"],"_links":{"self":[{"href":"https:\/\/specht-coaching.de\/index.php?rest_route=\/wp\/v2\/pages\/325","targetHints":{"allow":["GET"]}}],"collection":[{"href":"https:\/\/specht-coaching.de\/index.php?rest_route=\/wp\/v2\/pages"}],"about":[{"href":"https:\/\/specht-coaching.de\/index.php?rest_route=\/wp\/v2\/types\/page"}],"author":[{"embeddable":true,"href":"https:\/\/specht-coaching.de\/index.php?rest_route=\/wp\/v2\/users\/4"}],"replies":[{"embeddable":true,"href":"https:\/\/specht-coaching.de\/index.php?rest_route=%2Fwp%2Fv2%2Fcomments&post=325"}],"version-history":[{"count":1,"href":"https:\/\/specht-coaching.de\/index.php?rest_route=\/wp\/v2\/pages\/325\/revisions"}],"predecessor-version":[{"id":327,"href":"https:\/\/specht-coaching.de\/index.php?rest_route=\/wp\/v2\/pages\/325\/revisions\/327"}],"wp:attachment":[{"href":"https:\/\/specht-coaching.de\/index.php?rest_route=%2Fwp%2Fv2%2Fmedia&parent=325"}],"curies":[{"name":"wp","href":"https:\/\/api.w.org\/{rel}","templated":true}]}}