{"id":307,"date":"2020-05-04T15:36:56","date_gmt":"2020-05-04T15:36:56","guid":{"rendered":"http:\/\/specht-coaching.de\/?page_id=307"},"modified":"2020-05-04T15:41:17","modified_gmt":"2020-05-04T15:41:17","slug":"systemische-beratung","status":"publish","type":"page","link":"https:\/\/specht-coaching.de\/?page_id=307","title":{"rendered":"systemische Beratung"},"content":{"rendered":"\n<p>Systemische Beratung ein ganzheitlicher Ansatz. Durch zirkul\u00e4re und weiteren abgestimmten Fragetechniken werden im systemischen Coaching folgende Bereiche im Bewerbungsprozess betrachtet:<\/p>\n\n\n\n<p>Welche m\u00f6glichen Glaubenss\u00e4tze liegen meinem Denken und Handeln zugrunde?<br>Wie k\u00f6nnen diese Glaubenss\u00e4tze genutzt oder ver\u00e4ndert werden?<br>Zielsetzung ist es, die eigenen Ressourcen zu erkennen und das eigene Vorgehen zu verbessern.<\/p>\n\n\n\n<p>Mit der Aufstellungsarbeit, ein Model in der systemischen Arbeit, k\u00f6nnen z.B. berufliche Themen bearbeitet werden. Sie erhalten eine andere Perspektive, erlagen Erkenntnisse und erh\u00f6hen Ihre Ressource und Handlungsf\u00e4higkeit.<\/p>\n\n\n\n<p>Die Gruppengr\u00f6\u00dfe ist auf 12 Personen begrenzt. Wenn Sie Kl\u00e4rungsfragen haben, schreiben Sie uns bitte eine kurze Mail,&nbsp;welche wir binnen 2 Tagen gerne beantworten.<\/p>\n\n\n\n<p>Kosten:<br>je nach Aufstellungsart, in der Gruppe ab 90\u20ac<br>Einzelaufstellung ab 160\u20ac<br>Dauer:&nbsp; je Aufstellungsthema und Art variabel<\/p>\n\n\n\n<div class=\"wp-block-image\"><figure class=\"aligncenter size-large is-resized\"><img loading=\"lazy\" decoding=\"async\" src=\"https:\/\/specht-coaching.de\/wp-content\/uploads\/2020\/05\/william-zvWxlTd3IP0-unsplash-681x1024.jpg\" alt=\"\" class=\"wp-image-309\" width=\"215\" height=\"323\" srcset=\"https:\/\/specht-coaching.de\/wp-content\/uploads\/2020\/05\/william-zvWxlTd3IP0-unsplash-681x1024.jpg 681w, https:\/\/specht-coaching.de\/wp-content\/uploads\/2020\/05\/william-zvWxlTd3IP0-unsplash-199x300.jpg 199w, https:\/\/specht-coaching.de\/wp-content\/uploads\/2020\/05\/william-zvWxlTd3IP0-unsplash-768x1156.jpg 768w, https:\/\/specht-coaching.de\/wp-content\/uploads\/2020\/05\/william-zvWxlTd3IP0-unsplash-1021x1536.jpg 1021w, https:\/\/specht-coaching.de\/wp-content\/uploads\/2020\/05\/william-zvWxlTd3IP0-unsplash-1361x2048.jpg 1361w, https:\/\/specht-coaching.de\/wp-content\/uploads\/2020\/05\/william-zvWxlTd3IP0-unsplash-650x978.jpg 650w, https:\/\/specht-coaching.de\/wp-content\/uploads\/2020\/05\/william-zvWxlTd3IP0-unsplash-scaled.jpg 1701w\" sizes=\"auto, (max-width: 215px) 100vw, 215px\" \/><\/figure><\/div>\n","protected":false},"excerpt":{"rendered":"<p>Systemische Beratung ein ganzheitlicher Ansatz. Durch zirkul\u00e4re und weiteren abgestimmten Fragetechniken werden im systemischen Coaching folgende Bereiche im Bewerbungsprozess betrachtet: Welche m\u00f6glichen Glaubenss\u00e4tze liegen meinem Denken und Handeln zugrunde?Wie k\u00f6nnen diese Glaubenss\u00e4tze genutzt oder ver\u00e4ndert werden?Zielsetzung ist es, die eigenen Ressourcen zu erkennen und das eigene Vorgehen zu verbessern. Mit der Aufstellungsarbeit, ein Model in &hellip; <a href=\"https:\/\/specht-coaching.de\/?page_id=307\" class=\"more-link\"><span class=\"screen-reader-text\">systemische Beratung<\/span> weiterlesen<\/a><\/p>\n","protected":false},"author":4,"featured_media":0,"parent":0,"menu_order":0,"comment_status":"closed","ping_status":"closed","template":"","meta":{"footnotes":""},"class_list":["post-307","page","type-page","status-publish","hentry"],"_links":{"self":[{"href":"https:\/\/specht-coaching.de\/index.php?rest_route=\/wp\/v2\/pages\/307","targetHints":{"allow":["GET"]}}],"collection":[{"href":"https:\/\/specht-coaching.de\/index.php?rest_route=\/wp\/v2\/pages"}],"about":[{"href":"https:\/\/specht-coaching.de\/index.php?rest_route=\/wp\/v2\/types\/page"}],"author":[{"embeddable":true,"href":"https:\/\/specht-coaching.de\/index.php?rest_route=\/wp\/v2\/users\/4"}],"replies":[{"embeddable":true,"href":"https:\/\/specht-coaching.de\/index.php?rest_route=%2Fwp%2Fv2%2Fcomments&post=307"}],"version-history":[{"count":2,"href":"https:\/\/specht-coaching.de\/index.php?rest_route=\/wp\/v2\/pages\/307\/revisions"}],"predecessor-version":[{"id":314,"href":"https:\/\/specht-coaching.de\/index.php?rest_route=\/wp\/v2\/pages\/307\/revisions\/314"}],"wp:attachment":[{"href":"https:\/\/specht-coaching.de\/index.php?rest_route=%2Fwp%2Fv2%2Fmedia&parent=307"}],"curies":[{"name":"wp","href":"https:\/\/api.w.org\/{rel}","templated":true}]}}