{"id":303,"date":"2020-05-04T15:29:12","date_gmt":"2020-05-04T15:29:12","guid":{"rendered":"http:\/\/specht-coaching.de\/?page_id=303"},"modified":"2021-08-03T13:45:13","modified_gmt":"2021-08-03T13:45:13","slug":"bgm-betriebliches-gesundheitsmanagement","status":"publish","type":"page","link":"https:\/\/specht-coaching.de\/?page_id=303","title":{"rendered":"BGM &#8211; betriebliches Gesundheitsmanagement"},"content":{"rendered":"\n<p>Betriebliches Gesundheitsmanagement BGM ist eine wichtige Aufgabe f\u00fcr Unternehmen, welche immer mehr an Bedeutung <\/p>\n\n\n\n<h2 class=\"wp-block-heading\"><strong><span style=\"color:#1b753c\" class=\"has-inline-color\">BGM &#8211; f\u00fcr Unternehmen<\/span><\/strong><\/h2>\n\n\n\n<p>gewinnt. Ergonomie am Arbeitsplatz hat dabei bereits einen festen Platz in den Unternehmen gefunden. Durch Covid 19, als Corona Virus bekannt, ist allgemein deutlich geworden, das BGM wichtiger den je ist. Mitarbeitergesundheit ist Unternehmenspotenzial.<\/p>\n\n\n\n<p>Unser Konzept setzt auf Nachhaltigkeit. Kommunikation und Pr\u00e4vention sind hier die Hauptkomponenten.<\/p>\n\n\n\n<div class=\"wp-block-group\"><div class=\"wp-block-group__inner-container is-layout-flow wp-block-group-is-layout-flow\">\n<p>Was gewinnt das Unternehmen?<br><em>Motivierte und gesunde Mitarbeiter arbeiten produktiver<br>motivierte Mitarbeiter sind gut f\u00fcr das Unternehmensimage<br>Sie sind Multiplikatoren in vieler Hinsicht<br>F\u00f6rderung der Teamarbeit<\/em><\/p>\n<\/div><\/div>\n\n\n\n<div class=\"wp-block-group\"><div class=\"wp-block-group__inner-container is-layout-flow wp-block-group-is-layout-flow\">\n<figure class=\"wp-block-image size-large\"><img loading=\"lazy\" decoding=\"async\" width=\"1024\" height=\"683\" src=\"https:\/\/specht-coaching.de\/wp-content\/uploads\/2020\/05\/husna-miskandar-FC4z3l4sUYc-unsplash-1024x683.jpg\" alt=\"\" class=\"wp-image-304\" srcset=\"https:\/\/specht-coaching.de\/wp-content\/uploads\/2020\/05\/husna-miskandar-FC4z3l4sUYc-unsplash-1024x683.jpg 1024w, https:\/\/specht-coaching.de\/wp-content\/uploads\/2020\/05\/husna-miskandar-FC4z3l4sUYc-unsplash-300x200.jpg 300w, https:\/\/specht-coaching.de\/wp-content\/uploads\/2020\/05\/husna-miskandar-FC4z3l4sUYc-unsplash-768x512.jpg 768w, https:\/\/specht-coaching.de\/wp-content\/uploads\/2020\/05\/husna-miskandar-FC4z3l4sUYc-unsplash-1536x1024.jpg 1536w, https:\/\/specht-coaching.de\/wp-content\/uploads\/2020\/05\/husna-miskandar-FC4z3l4sUYc-unsplash-2048x1365.jpg 2048w, https:\/\/specht-coaching.de\/wp-content\/uploads\/2020\/05\/husna-miskandar-FC4z3l4sUYc-unsplash-650x433.jpg 650w, https:\/\/specht-coaching.de\/wp-content\/uploads\/2020\/05\/husna-miskandar-FC4z3l4sUYc-unsplash-900x600.jpg 900w, https:\/\/specht-coaching.de\/wp-content\/uploads\/2020\/05\/husna-miskandar-FC4z3l4sUYc-unsplash-440x294.jpg 440w\" sizes=\"auto, (max-width: 1024px) 100vw, 1024px\" \/><figcaption>volle Leistung und Motivation<\/figcaption><\/figure>\n<\/div><\/div>\n\n\n\n<h1 class=\"wp-block-heading\"><strong><span style=\"color:#197039\" class=\"has-inline-color\">Ausbildung Fachkraft betriebliches Gesundheitsmanagement<\/span><\/strong><\/h1>\n\n\n\n<p>Als Kooperationspartner der DEKRA Akademie bieten wir die Ausbildung zur Fachkraft betriebliches Gesundheitsmanagement (BGM) an. Die Ausbildung findet berufsbegleitend statt und der Unterricht erfolgt ausschlie\u00dflich online. Die Inhalte werden durch einen Live-Trainer vermittelt. Dar\u00fcber hinaus werden Bausteinpr\u00fcfungen vorgenommen. Nach der Schulung erfolgt die Pr\u00fcfungsabnahme durch die DEKRA Akademie. Der gesamte Ablauf wird von uns aus einer Hand vollst\u00e4ndig organisiert. Die Dauer der Ausbildung sind 80 Unterrichtseinheiten, 5 Bausteinpr\u00fcfungen, je \u00e1 45 Minuten.<\/p>\n\n\n\n<p>Diese Ausbildung eignet sich f\u00fcr Fachkr\u00e4fte aus der Fitness- und Gesundheitsbranche und Personen mit abgeschlossener Berufsausbildung. Erw\u00fcnscht sind grundlegenden Kenntnissen im Bereich Betriebswirtschaft und Gesundheit. Dar\u00fcber hinaus f\u00fcr berufst\u00e4tige, welche zuk\u00fcnftig im Bereich der betrieblichen Gesundheitsf\u00f6rderung arbeiten m\u00f6chten.<\/p>\n\n\n\n<p>Die Durchf\u00fchrung ist in Vollzeit und berufsbegleitend m\u00f6glich. Sollten Sie als Unternehmen f\u00fcr Ihre Mitarbeiter eine Schulung vor Ort w\u00fcnschen, sprechen Sie uns gerne an.<\/p>\n\n\n\n<p>Nach einer erfolgreichen schriftlichen Pr\u00fcfung erhalten die Teilnehmer ein Zertifikat von der DEKRA, welches eine G\u00fcltigkeit von drei Jahren hat. Die Fachkr\u00e4fte betriebliches Gesundheitsmanagement unterliegen dar\u00fcber hinaus einer st\u00e4ndigen Weiterbildungspflicht zur Erlangung der Rezertifizierung.<\/p>\n\n\n\n<h1 class=\"wp-block-heading\"><span style=\"color:#2b7231\" class=\"has-inline-color\"><strong>Rezertifizierungskurse <\/strong><br>&#8211;<strong> BGM Fachkraft<\/strong> &#8211;<\/span> <\/h1>\n\n\n\n<p>Als Fachkraft betriebliches Gesundheitsmanagement ist zur Aufrechterhaltung die regelm\u00e4\u00dfige Weiterbildung vorzunehmen. Ein DEKRA anerkannter Kurs dazu bieten wir mit folgenden Schwerpunkten an:<\/p>\n\n\n\n<ul class=\"wp-block-list\"><li>Stresslevel und Stressfaktoren<\/li><li>Innere Antreiber und Glaubenss\u00e4tze<\/li><li>Techniken zur situativen und pr\u00e4ventiven Vorgehensweise<\/li><\/ul>\n\n\n\n<p>Das Seminar umfasst 24 Unterrichtseinheiten in der Gruppe und je Teilnehmer eine Einzelunterrichtseinheit. Am Ende des Kurses wird eine Teilnahmebescheinigung ausgegeben, welche dann bei der DEKRA zur Rezertifizierung eingereicht werden kann. Entsprechende Antr\u00e4ge der DEKRA werden durch uns zur Verf\u00fcgung gestellt. Die Durchf\u00fchrung ist in Vollzeit und berufsbegleitend m\u00f6glich. Das Seminar findet ausschlie\u00dflich online statt. Sollten Sie als Unternehmen f\u00fcr Ihre Mitarbeiter eine Schulung vor Ort w\u00fcnschen, sprechen Sie uns gerne an.<\/p>\n\n\n\n<figure class=\"wp-block-image size-full\"><img loading=\"lazy\" decoding=\"async\" width=\"249\" height=\"79\" src=\"https:\/\/specht-coaching.de\/wp-content\/uploads\/2021\/07\/Mail-logo.jpg\" alt=\"\" class=\"wp-image-351\"\/><\/figure>\n\n\n\n<figure class=\"wp-block-gallery columns-1 is-cropped wp-block-gallery-1 is-layout-flex wp-block-gallery-is-layout-flex\"><ul class=\"blocks-gallery-grid\"><li class=\"blocks-gallery-item\"><figure><img loading=\"lazy\" decoding=\"async\" width=\"488\" height=\"193\" src=\"https:\/\/specht-coaching.de\/wp-content\/uploads\/2021\/07\/Bild1-1.jpg\" alt=\"\" data-id=\"360\" data-full-url=\"https:\/\/specht-coaching.de\/wp-content\/uploads\/2021\/07\/Bild1-1.jpg\" data-link=\"https:\/\/specht-coaching.de\/?attachment_id=360\" class=\"wp-image-360\" srcset=\"https:\/\/specht-coaching.de\/wp-content\/uploads\/2021\/07\/Bild1-1.jpg 488w, https:\/\/specht-coaching.de\/wp-content\/uploads\/2021\/07\/Bild1-1-300x119.jpg 300w\" sizes=\"auto, (max-width: 488px) 100vw, 488px\" \/><\/figure><\/li><\/ul><\/figure>\n","protected":false},"excerpt":{"rendered":"<p>Betriebliches Gesundheitsmanagement BGM ist eine wichtige Aufgabe f\u00fcr Unternehmen, welche immer mehr an Bedeutung BGM &#8211; f\u00fcr Unternehmen gewinnt. Ergonomie am Arbeitsplatz hat dabei bereits einen festen Platz in den Unternehmen gefunden. Durch Covid 19, als Corona Virus bekannt, ist allgemein deutlich geworden, das BGM wichtiger den je ist. Mitarbeitergesundheit ist Unternehmenspotenzial. Unser Konzept setzt &hellip; <a href=\"https:\/\/specht-coaching.de\/?page_id=303\" class=\"more-link\"><span class=\"screen-reader-text\">BGM &#8211; betriebliches Gesundheitsmanagement<\/span> weiterlesen<\/a><\/p>\n","protected":false},"author":4,"featured_media":0,"parent":0,"menu_order":0,"comment_status":"closed","ping_status":"closed","template":"","meta":{"footnotes":""},"class_list":["post-303","page","type-page","status-publish","hentry"],"_links":{"self":[{"href":"https:\/\/specht-coaching.de\/index.php?rest_route=\/wp\/v2\/pages\/303","targetHints":{"allow":["GET"]}}],"collection":[{"href":"https:\/\/specht-coaching.de\/index.php?rest_route=\/wp\/v2\/pages"}],"about":[{"href":"https:\/\/specht-coaching.de\/index.php?rest_route=\/wp\/v2\/types\/page"}],"author":[{"embeddable":true,"href":"https:\/\/specht-coaching.de\/index.php?rest_route=\/wp\/v2\/users\/4"}],"replies":[{"embeddable":true,"href":"https:\/\/specht-coaching.de\/index.php?rest_route=%2Fwp%2Fv2%2Fcomments&post=303"}],"version-history":[{"count":10,"href":"https:\/\/specht-coaching.de\/index.php?rest_route=\/wp\/v2\/pages\/303\/revisions"}],"predecessor-version":[{"id":365,"href":"https:\/\/specht-coaching.de\/index.php?rest_route=\/wp\/v2\/pages\/303\/revisions\/365"}],"wp:attachment":[{"href":"https:\/\/specht-coaching.de\/index.php?rest_route=%2Fwp%2Fv2%2Fmedia&parent=303"}],"curies":[{"name":"wp","href":"https:\/\/api.w.org\/{rel}","templated":true}]}}